{"id":348,"date":"2024-03-29T05:00:34","date_gmt":"2024-03-29T05:00:34","guid":{"rendered":"https:\/\/trade-edgeai.net\/?page_id=348"},"modified":"2026-01-05T07:51:20","modified_gmt":"2026-01-05T07:51:20","slug":"chi-siamo","status":"publish","type":"page","link":"https:\/\/trade-edgeai.net\/it\/about-us\/","title":{"rendered":"Chi siamo"},"content":{"rendered":"<div data-elementor-type=\"wp-page\" data-elementor-id=\"348\" class=\"elementor elementor-348\" data-elementor-post-type=\"page\">\n\t\t\t\t<div class=\"elementor-element elementor-element-077131b e-flex e-con-boxed e-con e-parent\" data-id=\"077131b\" data-element_type=\"container\" data-e-type=\"container\" data-settings=\"{&quot;background_background&quot;:&quot;classic&quot;}\">\n\t\t\t\t\t<div class=\"e-con-inner\">\n\t\t\t\t<div class=\"elementor-element elementor-element-5f6a6b3 elementor-widget__width-inherit elementor-widget elementor-widget-heading\" data-id=\"5f6a6b3\" data-element_type=\"widget\" data-e-type=\"widget\" data-widget_type=\"heading.default\">\n\t\t\t\t\t<h1 class=\"elementor-heading-title elementor-size-default\">Chi siamo<\/h1>\t\t\t\t<\/div>\n\t\t\t\t\t<\/div>\n\t\t\t\t<\/div>\n\t\t<div class=\"elementor-element elementor-element-ceb82b4 e-flex e-con-boxed e-con e-parent\" data-id=\"ceb82b4\" data-element_type=\"container\" data-e-type=\"container\">\n\t\t\t\t\t<div class=\"e-con-inner\">\n\t\t<div class=\"elementor-element elementor-element-2311842 e-con-full e-flex e-con e-child\" data-id=\"2311842\" data-element_type=\"container\" data-e-type=\"container\">\n\t\t\t\t<div class=\"elementor-element elementor-element-16d01d9 elementor-widget__width-inherit elementor-widget-tablet__width-initial elementor-widget-mobile__width-inherit elementor-widget elementor-widget-image\" data-id=\"16d01d9\" data-element_type=\"widget\" data-e-type=\"widget\" data-widget_type=\"image.default\">\n\t\t\t\t\t\t\t\t\t\t\t\t\t\t\t<img fetchpriority=\"high\" decoding=\"async\" width=\"390\" height=\"255\" src=\"https:\/\/trade-edgeai.net\/wp-content\/uploads\/2024\/08\/260nw-2326847551-e1723025378648.webp\" class=\"attachment-full size-full wp-image-1977\" alt=\"Trade Edge AI platform\" srcset=\"https:\/\/trade-edgeai.net\/wp-content\/uploads\/2024\/08\/260nw-2326847551-e1723025378648.webp 390w, https:\/\/trade-edgeai.net\/wp-content\/uploads\/2024\/08\/260nw-2326847551-e1723025378648-300x196.webp 300w\" sizes=\"(max-width: 390px) 100vw, 390px\" \/>\t\t\t\t\t\t\t\t\t\t\t\t\t\t\t<\/div>\n\t\t\t\t<\/div>\n\t\t<div class=\"elementor-element elementor-element-dbe3fe6 e-con-full e-flex e-con e-child\" data-id=\"dbe3fe6\" data-element_type=\"container\" data-e-type=\"container\">\n\t\t\t\t<div class=\"elementor-element elementor-element-e738733 elementor-widget__width-inherit elementor-widget-tablet__width-inherit elementor-widget elementor-widget-heading\" data-id=\"e738733\" data-element_type=\"widget\" data-e-type=\"widget\" data-widget_type=\"heading.default\">\n\t\t\t\t\t<h2 class=\"elementor-heading-title elementor-size-default\">Incontro con il team AI di Trade Edge<\/h2>\t\t\t\t<\/div>\n\t\t\t\t<div class=\"elementor-element elementor-element-1822eb6 elementor-widget elementor-widget-text-editor\" data-id=\"1822eb6\" data-element_type=\"widget\" data-e-type=\"widget\" data-widget_type=\"text-editor.default\">\n\t\t\t\t\t\t\t\t\t<p>Trade Edge AI mira a rivoluzionare il mondo del trading e degli investimenti azionari, semplificando il processo per migliaia di aspiranti investitori. Con la nostra guida esperta, puoi ottenere risultati notevoli e diventare un attore formidabile sul mercato.<\/p><p>Noi di Trade Edge AI andiamo oltre la fornitura di strumenti grafici essenziali; curiamo anche notizie di mercato e commenti approfonditi per tenerti informato e in vantaggio. Unirsi alla nostra piattaforma \u00e8 un gioco da ragazzi e puoi seguire i semplici passaggi descritti di seguito sul nostro sito web ufficiale tradeedgeai.pro.<\/p>\t\t\t\t\t\t\t\t<\/div>\n\t\t\t\t<\/div>\n\t\t\t\t\t<\/div>\n\t\t\t\t<\/div>\n\t\t<div class=\"elementor-element elementor-element-cb72fe3 e-flex e-con-boxed e-con e-parent\" data-id=\"cb72fe3\" data-element_type=\"container\" data-e-type=\"container\">\n\t\t\t\t\t<div class=\"e-con-inner\">\n\t\t<div class=\"elementor-element elementor-element-5a7668d e-con-full e-flex e-con e-child\" data-id=\"5a7668d\" data-element_type=\"container\" data-e-type=\"container\">\n\t\t\t\t<div class=\"elementor-element elementor-element-cc2217a elementor-widget__width-inherit elementor-widget-tablet__width-inherit elementor-widget elementor-widget-heading\" data-id=\"cc2217a\" data-element_type=\"widget\" data-e-type=\"widget\" data-widget_type=\"heading.default\">\n\t\t\t\t\t<h2 class=\"elementor-heading-title elementor-size-default\">Qual \u00e8 stato il motivo per cui \u00e8 stata creata l'intelligenza artificiale di Trade Edge?<\/h2>\t\t\t\t<\/div>\n\t\t\t\t<div class=\"elementor-element elementor-element-665dce5 elementor-widget elementor-widget-text-editor\" data-id=\"665dce5\" data-element_type=\"widget\" data-e-type=\"widget\" data-widget_type=\"text-editor.default\">\n\t\t\t\t\t\t\t\t\t<p>Come accennato, anche le persone che hanno creato Trade Edge AI volevano ampliare le proprie conoscenze sugli investimenti, ma hanno faticato a trovare le informazioni di cui avevano bisogno per farlo.<\/p><p>Facendo le loro ricerche, queste persone si sono rese conto che non erano le uniche a lottare con questo problema. Molte persone non hanno avuto accesso alle risorse educative per conoscere questa attivit\u00e0. Tuttavia, non c\u2019\u00e8 voluto molto perch\u00e9 questo team trovasse un modo per affrontare il problema e rendere pi\u00f9 accessibile l\u2019educazione agli investimenti. Queste persone hanno progettato Trade Edge AI come un sito Web facile da usare in grado di mettere in contatto gli utenti con aziende disposte a insegnare loro le basi dell'investimento o le loro aree di interesse.<\/p>\t\t\t\t\t\t\t\t<\/div>\n\t\t\t\t<\/div>\n\t\t<div class=\"elementor-element elementor-element-ba0f6e5 e-con-full e-flex e-con e-child\" data-id=\"ba0f6e5\" data-element_type=\"container\" data-e-type=\"container\">\n\t\t\t\t<div class=\"elementor-element elementor-element-9c88ded elementor-widget elementor-widget-image\" data-id=\"9c88ded\" data-element_type=\"widget\" data-e-type=\"widget\" data-widget_type=\"image.default\">\n\t\t\t\t\t\t\t\t\t\t\t\t\t\t\t<img decoding=\"async\" width=\"390\" height=\"262\" src=\"https:\/\/trade-edgeai.net\/wp-content\/uploads\/2024\/08\/260nw-2310803259-e1723014561677.webp\" class=\"attachment-large size-large wp-image-1912\" alt=\"Trade Edge AI platform\" srcset=\"https:\/\/trade-edgeai.net\/wp-content\/uploads\/2024\/08\/260nw-2310803259-e1723014561677.webp 390w, https:\/\/trade-edgeai.net\/wp-content\/uploads\/2024\/08\/260nw-2310803259-e1723014561677-300x202.webp 300w\" sizes=\"(max-width: 390px) 100vw, 390px\" \/>\t\t\t\t\t\t\t\t\t\t\t\t\t\t\t<\/div>\n\t\t\t\t<\/div>\n\t\t\t\t\t<\/div>\n\t\t\t\t<\/div>\n\t\t<div class=\"elementor-element elementor-element-6a23eeb e-flex e-con-boxed e-con e-parent\" data-id=\"6a23eeb\" data-element_type=\"container\" data-e-type=\"container\" data-settings=\"{&quot;background_background&quot;:&quot;classic&quot;}\">\n\t\t\t\t\t<div class=\"e-con-inner\">\n\t\t\t\t<div class=\"elementor-element elementor-element-e825f08 elementor-widget-tablet__width-inherit elementor-widget elementor-widget-heading\" data-id=\"e825f08\" data-element_type=\"widget\" data-e-type=\"widget\" data-widget_type=\"heading.default\">\n\t\t\t\t\t<h2 class=\"elementor-heading-title elementor-size-default\">Scoprire come l'intelligenza artificiale di Trade Edge pu\u00f2 aiutare gli utenti<\/h2>\t\t\t\t<\/div>\n\t\t\t\t<div class=\"elementor-element elementor-element-57082c1 elementor-widget elementor-widget-text-editor\" data-id=\"57082c1\" data-element_type=\"widget\" data-e-type=\"widget\" data-widget_type=\"text-editor.default\">\n\t\t\t\t\t\t\t\t\t<p>Trade Edge AI \u00e8 stata creata per diventare la tabella di marcia verso l'educazione agli investimenti collegando gli studenti con le aziende di insegnamento. Questo sito Web aiuta gli utenti a trovare un'azienda che pu\u00f2 istruirli sugli investimenti in generale. Inoltre, aumenta l\u2019accessibilit\u00e0 eliminando commissioni, requisiti di esperienza e barriere linguistiche.<\/p>\t\t\t\t\t\t\t\t<\/div>\n\t\t\t\t<div class=\"elementor-element elementor-element-b327772 elementor-align-center elementor-widget elementor-widget-button\" data-id=\"b327772\" data-element_type=\"widget\" data-e-type=\"widget\" data-widget_type=\"button.default\">\n\t\t\t\t\t\t\t\t\t\t<a class=\"elementor-button elementor-button-link elementor-size-sm\" href=\"https:\/\/trade-edgeai.net\/it\/#reg-form\">\n\t\t\t\t\t\t<span class=\"elementor-button-content-wrapper\">\n\t\t\t\t\t\t\t\t\t<span class=\"elementor-button-text\">Registrati gratuitamente<\/span>\n\t\t\t\t\t<\/span>\n\t\t\t\t\t<\/a>\n\t\t\t\t\t\t\t\t<\/div>\n\t\t\t\t\t<\/div>\n\t\t\t\t<\/div>\n\t\t\t\t<\/div>","protected":false},"excerpt":{"rendered":"<p>About Us Meeting the Trade Edge AI Team Trade Edge AI aims to revolutionize the world of Stocks trading and investment, simplifying the process for thousands of aspiring investors. With our expert guidance, you can achieve remarkable results and become a formidable player in the market. At Trade Edge AI, we go beyond providing essential [&hellip;]<\/p>\n","protected":false},"author":1,"featured_media":0,"parent":0,"menu_order":0,"comment_status":"closed","ping_status":"closed","template":"","meta":{"footnotes":""},"class_list":["post-348","page","type-page","status-publish","hentry"],"_links":{"self":[{"href":"https:\/\/trade-edgeai.net\/it\/wp-json\/wp\/v2\/pages\/348","targetHints":{"allow":["GET"]}}],"collection":[{"href":"https:\/\/trade-edgeai.net\/it\/wp-json\/wp\/v2\/pages"}],"about":[{"href":"https:\/\/trade-edgeai.net\/it\/wp-json\/wp\/v2\/types\/page"}],"author":[{"embeddable":true,"href":"https:\/\/trade-edgeai.net\/it\/wp-json\/wp\/v2\/users\/1"}],"replies":[{"embeddable":true,"href":"https:\/\/trade-edgeai.net\/it\/wp-json\/wp\/v2\/comments?post=348"}],"version-history":[{"count":181,"href":"https:\/\/trade-edgeai.net\/it\/wp-json\/wp\/v2\/pages\/348\/revisions"}],"predecessor-version":[{"id":2606,"href":"https:\/\/trade-edgeai.net\/it\/wp-json\/wp\/v2\/pages\/348\/revisions\/2606"}],"wp:attachment":[{"href":"https:\/\/trade-edgeai.net\/it\/wp-json\/wp\/v2\/media?parent=348"}],"curies":[{"name":"wp","href":"https:\/\/api.w.org\/{rel}","templated":true}]}}